{"id":406,"date":"2023-04-26T08:59:09","date_gmt":"2023-04-26T08:59:09","guid":{"rendered":"https:\/\/blue-port.pl\/?page_id=406"},"modified":"2023-05-26T07:26:06","modified_gmt":"2023-05-26T07:26:06","slug":"transporte-maritimo","status":"publish","type":"page","link":"https:\/\/blue-port.pl\/es\/transporte-maritimo\/","title":{"rendered":"Transporte mar\u00edtimo"},"content":{"rendered":"\n<p>Nos especializamos en el transporte de contenedores completos (FCL) y consolidados (LCL), lo que nos permite adaptar nuestra oferta de manera flexible a diversas necesidades de nuestros clientes. Esto incluye tanto el transporte de mercanc\u00edas a gran escala como env\u00edos m\u00e1s peque\u00f1os que se combinan con otras cargas para optimizar los costos. En caso de requerimiento por parte del cliente, tambi\u00e9n realizamos transportes de carga sobredimensionada, como maquinaria industrial o estructuras de acero, utilizando equipos especializados y la experiencia de nuestro equipo.<\/p>\n\n\n\n<p>Nuestros empleados son expertos en la organizaci\u00f3n de transportes relacionados con Extremo Oriente, Am\u00e9rica del Norte e India, lo que garantiza un transporte internacional eficiente y efectivo. Brindamos un servicio integral en importaci\u00f3n y exportaci\u00f3n, en los principales puertos de Polonia (Gdynia, Gda\u0144sk, Szczecin) y Europa Occidental (Hamburgo, Bremerhaven, R\u00f3terdam, Amberes). Ofrecemos una amplia gama de servicios aduaneros, como despachos aduaneros, elaboraci\u00f3n de documentaci\u00f3n y consultor\u00eda relacionada con los aranceles y los impuestos aduaneros.<\/p>\n\n\n\n<p>Adem\u00e1s, ofrecemos un transporte r\u00e1pido al cliente en todo el pa\u00eds, utilizando nuestra extensa red log\u00edstica y flota de veh\u00edculos adaptados a diferentes tipos de carga. Especialmente recomendamos nuestro servicio r\u00e1pido de consolidaci\u00f3n de cargas desde los principales puertos de China hasta Polonia a trav\u00e9s de Hamburgo, que gracias a las conexiones regulares y socios confiables, permite entregas puntuales y precios competitivos.<\/p>\n\n\n<script type=\"text\/javascript\">var gform;gform||(document.addEventListener(\"gform_main_scripts_loaded\",function(){gform.scriptsLoaded=!0}),window.addEventListener(\"DOMContentLoaded\",function(){gform.domLoaded=!0}),gform={domLoaded:!1,scriptsLoaded:!1,initializeOnLoaded:function(o){gform.domLoaded&&gform.scriptsLoaded?o():!gform.domLoaded&&gform.scriptsLoaded?window.addEventListener(\"DOMContentLoaded\",o):document.addEventListener(\"gform_main_scripts_loaded\",o)},hooks:{action:{},filter:{}},addAction:function(o,n,r,t){gform.addHook(\"action\",o,n,r,t)},addFilter:function(o,n,r,t){gform.addHook(\"filter\",o,n,r,t)},doAction:function(o){gform.doHook(\"action\",o,arguments)},applyFilters:function(o){return gform.doHook(\"filter\",o,arguments)},removeAction:function(o,n){gform.removeHook(\"action\",o,n)},removeFilter:function(o,n,r){gform.removeHook(\"filter\",o,n,r)},addHook:function(o,n,r,t,i){null==gform.hooks[o][n]&&(gform.hooks[o][n]=[]);var e=gform.hooks[o][n];null==i&&(i=n+\"_\"+e.length),gform.hooks[o][n].push({tag:i,callable:r,priority:t=null==t?10:t})},doHook:function(n,o,r){var t;if(r=Array.prototype.slice.call(r,1),null!=gform.hooks[n][o]&&((o=gform.hooks[n][o]).sort(function(o,n){return o.priority-n.priority}),o.forEach(function(o){\"function\"!=typeof(t=o.callable)&&(t=window[t]),\"action\"==n?t.apply(null,r):r[0]=t.apply(null,r)})),\"filter\"==n)return r[0]},removeHook:function(o,n,t,i){var r;null!=gform.hooks[o][n]&&(r=(r=gform.hooks[o][n]).filter(function(o,n,r){return!!(null!=i&&i!=o.tag||null!=t&&t!=o.priority)}),gform.hooks[o][n]=r)}});<\/script>\n                <div class='gf_browser_gecko gform_wrapper gravity-theme gform-theme--no-framework' data-form-theme='gravity-theme' data-form-index='0' id='gform_wrapper_2' style='display:none'><style>#gform_wrapper_2[data-form-index=\"0\"].gform-theme,[data-parent-form=\"2_0\"]{--gf-color-primary: #204ce5;--gf-color-primary-rgb: 32, 76, 229;--gf-color-primary-contrast: #fff;--gf-color-primary-contrast-rgb: 255, 255, 255;--gf-color-primary-darker: #001AB3;--gf-color-primary-lighter: #527EFF;--gf-color-secondary: #fff;--gf-color-secondary-rgb: 255, 255, 255;--gf-color-secondary-contrast: #112337;--gf-color-secondary-contrast-rgb: 17, 35, 55;--gf-color-secondary-darker: #F5F5F5;--gf-color-secondary-lighter: #FFFFFF;--gf-color-out-ctrl-light: rgba(17, 35, 55, 0.1);--gf-color-out-ctrl-light-rgb: 17, 35, 55;--gf-color-out-ctrl-light-darker: rgba(104, 110, 119, 0.35);--gf-color-out-ctrl-light-lighter: #F5F5F5;--gf-color-out-ctrl-dark: #585e6a;--gf-color-out-ctrl-dark-rgb: 88, 94, 106;--gf-color-out-ctrl-dark-darker: #112337;--gf-color-out-ctrl-dark-lighter: rgba(17, 35, 55, 0.65);--gf-color-in-ctrl: #fff;--gf-color-in-ctrl-rgb: 255, 255, 255;--gf-color-in-ctrl-contrast: #112337;--gf-color-in-ctrl-contrast-rgb: 17, 35, 55;--gf-color-in-ctrl-darker: #F5F5F5;--gf-color-in-ctrl-lighter: #FFFFFF;--gf-color-in-ctrl-primary: #204ce5;--gf-color-in-ctrl-primary-rgb: 32, 76, 229;--gf-color-in-ctrl-primary-contrast: #fff;--gf-color-in-ctrl-primary-contrast-rgb: 255, 255, 255;--gf-color-in-ctrl-primary-darker: #001AB3;--gf-color-in-ctrl-primary-lighter: #527EFF;--gf-color-in-ctrl-light: rgba(17, 35, 55, 0.1);--gf-color-in-ctrl-light-rgb: 17, 35, 55;--gf-color-in-ctrl-light-darker: rgba(104, 110, 119, 0.35);--gf-color-in-ctrl-light-lighter: #F5F5F5;--gf-color-in-ctrl-dark: #585e6a;--gf-color-in-ctrl-dark-rgb: 88, 94, 106;--gf-color-in-ctrl-dark-darker: #112337;--gf-color-in-ctrl-dark-lighter: rgba(17, 35, 55, 0.65);--gf-radius: 3px;--gf-font-size-secondary: 14px;--gf-font-size-tertiary: 13px;--gf-icon-ctrl-number: url(\"data:image\/svg+xml,%3Csvg width='8' height='14' viewBox='0 0 8 14' fill='none' xmlns='http:\/\/www.w3.org\/2000\/svg'%3E%3Cpath fill-rule='evenodd' clip-rule='evenodd' d='M4 0C4.26522 5.96046e-08 4.51957 0.105357 4.70711 0.292893L7.70711 3.29289C8.09763 3.68342 8.09763 4.31658 7.70711 4.70711C7.31658 5.09763 6.68342 5.09763 6.29289 4.70711L4 2.41421L1.70711 4.70711C1.31658 5.09763 0.683417 5.09763 0.292893 4.70711C-0.0976311 4.31658 -0.097631 3.68342 0.292893 3.29289L3.29289 0.292893C3.48043 0.105357 3.73478 0 4 0ZM0.292893 9.29289C0.683417 8.90237 1.31658 8.90237 1.70711 9.29289L4 11.5858L6.29289 9.29289C6.68342 8.90237 7.31658 8.90237 7.70711 9.29289C8.09763 9.68342 8.09763 10.3166 7.70711 10.7071L4.70711 13.7071C4.31658 14.0976 3.68342 14.0976 3.29289 13.7071L0.292893 10.7071C-0.0976311 10.3166 -0.0976311 9.68342 0.292893 9.29289Z' fill='rgba(17, 35, 55, 0.65)'\/%3E%3C\/svg%3E\");--gf-icon-ctrl-select: url(\"data:image\/svg+xml,%3Csvg width='10' height='6' viewBox='0 0 10 6' fill='none' xmlns='http:\/\/www.w3.org\/2000\/svg'%3E%3Cpath fill-rule='evenodd' clip-rule='evenodd' d='M0.292893 0.292893C0.683417 -0.097631 1.31658 -0.097631 1.70711 0.292893L5 3.58579L8.29289 0.292893C8.68342 -0.0976311 9.31658 -0.0976311 9.70711 0.292893C10.0976 0.683417 10.0976 1.31658 9.70711 1.70711L5.70711 5.70711C5.31658 6.09763 4.68342 6.09763 4.29289 5.70711L0.292893 1.70711C-0.0976311 1.31658 -0.0976311 0.683418 0.292893 0.292893Z' fill='rgba(17, 35, 55, 0.65)'\/%3E%3C\/svg%3E\");--gf-icon-ctrl-search: url(\"data:image\/svg+xml,%3Csvg version='1.1' xmlns='http:\/\/www.w3.org\/2000\/svg' width='640' height='640'%3E%3Cpath d='M256 128c-70.692 0-128 57.308-128 128 0 70.691 57.308 128 128 128 70.691 0 128-57.309 128-128 0-70.692-57.309-128-128-128zM64 256c0-106.039 85.961-192 192-192s192 85.961 192 192c0 41.466-13.146 79.863-35.498 111.248l154.125 154.125c12.496 12.496 12.496 32.758 0 45.254s-32.758 12.496-45.254 0L367.248 412.502C335.862 434.854 297.467 448 256 448c-106.039 0-192-85.962-192-192z' fill='rgba(17, 35, 55, 0.65)'\/%3E%3C\/svg%3E\");--gf-label-space-y-secondary: var(--gf-label-space-y-md-secondary);--gf-ctrl-border-color: #686e77;--gf-ctrl-size: var(--gf-ctrl-size-md);--gf-ctrl-label-color-primary: #112337;--gf-ctrl-label-color-secondary: #112337;--gf-ctrl-choice-size: var(--gf-ctrl-choice-size-md);--gf-ctrl-checkbox-check-size: var(--gf-ctrl-checkbox-check-size-md);--gf-ctrl-radio-check-size: var(--gf-ctrl-radio-check-size-md);--gf-ctrl-btn-font-size: var(--gf-ctrl-btn-font-size-md);--gf-ctrl-btn-padding-x: var(--gf-ctrl-btn-padding-x-md);--gf-ctrl-btn-size: var(--gf-ctrl-btn-size-md);--gf-ctrl-btn-border-color-secondary: #686e77;--gf-ctrl-file-btn-bg-color-hover: #EBEBEB;--gf-field-pg-steps-number-color: rgba(17, 35, 55, 0.8);}<\/style><form method='post' enctype='multipart\/form-data'  id='gform_2'  action='\/es\/wp-json\/wp\/v2\/pages\/406' data-formid='2' novalidate>\n                        <div class='gform-body gform_body'><div id='gform_fields_2' class='gform_fields top_label form_sublabel_below description_below validation_below'><fieldset id=\"field_2_4\" class=\"gfield gfield--type-radio gfield--type-choice gfield--input-type-radio gfield--width-half field_sublabel_below gfield--no-description field_description_below field_validation_below gfield_visibility_visible\"  data-js-reload=\"field_2_4\" ><legend class='gfield_label gform-field-label' >\u00bfNecesitas m\u00e1s informaci\u00f3n?<\/legend><div class='ginput_container ginput_container_radio'><div class='gfield_radio' id='input_2_4'>\n\t\t\t<div class='gchoice gchoice_2_4_0'>\n\t\t\t\t\t<input class='gfield-choice-input' name='input_4' type='radio' value='S\u00ed, por favor'  id='choice_2_4_0' onchange='gformToggleRadioOther( this )'    \/>\n\t\t\t\t\t<label for='choice_2_4_0' id='label_2_4_0' class='gform-field-label gform-field-label--type-inline'>S\u00ed, por favor<\/label>\n\t\t\t<\/div>\n\t\t\t<div class='gchoice gchoice_2_4_1'>\n\t\t\t\t\t<input class='gfield-choice-input' name='input_4' type='radio' value='No, gracias'  id='choice_2_4_1' onchange='gformToggleRadioOther( this )'    \/>\n\t\t\t\t\t<label for='choice_2_4_1' id='label_2_4_1' class='gform-field-label gform-field-label--type-inline'>No, gracias<\/label>\n\t\t\t<\/div><\/div><\/div><\/fieldset><fieldset id=\"field_2_6\" class=\"gfield gfield--type-radio gfield--type-choice gfield--input-type-radio gfield--width-half field_sublabel_below gfield--no-description field_description_below field_validation_below gfield_visibility_visible\"  data-js-reload=\"field_2_6\" ><legend class='gfield_label gform-field-label' >\u00bfForma preferida de contacto?<\/legend><div class='ginput_container ginput_container_radio'><div class='gfield_radio' id='input_2_6'>\n\t\t\t<div class='gchoice gchoice_2_6_0'>\n\t\t\t\t\t<input class='gfield-choice-input' name='input_6' type='radio' value='Email'  id='choice_2_6_0' onchange='gformToggleRadioOther( this )'    \/>\n\t\t\t\t\t<label for='choice_2_6_0' id='label_2_6_0' class='gform-field-label gform-field-label--type-inline'>Email<\/label>\n\t\t\t<\/div>\n\t\t\t<div class='gchoice gchoice_2_6_1'>\n\t\t\t\t\t<input class='gfield-choice-input' name='input_6' type='radio' value='Su n\u00famero de tel\u00e9fono'  id='choice_2_6_1' onchange='gformToggleRadioOther( this )'    \/>\n\t\t\t\t\t<label for='choice_2_6_1' id='label_2_6_1' class='gform-field-label gform-field-label--type-inline'>Su n\u00famero de tel\u00e9fono<\/label>\n\t\t\t<\/div><\/div><\/div><\/fieldset><div id=\"field_2_7\" class=\"gfield gfield--type-section gfield--input-type-section gsection field_sublabel_below gfield--no-description field_description_below field_validation_below gfield_visibility_visible\"  data-js-reload=\"field_2_7\" ><h3 class=\"gsection_title\">Nuestros empleados est\u00e1n a su disposici\u00f3n.<\/h3><\/div><div id=\"field_2_9\" class=\"gfield gfield--type-phone gfield--input-type-phone gfield--width-third field_sublabel_below gfield--no-description field_description_below field_validation_below gfield_visibility_visible\"  data-js-reload=\"field_2_9\" ><label class='gfield_label gform-field-label' for='input_2_9'>Su n\u00famero de tel\u00e9fono<\/label><div class='ginput_container ginput_container_phone'><input name='input_9' id='input_2_9' type='tel' value='' class='large'    aria-invalid=\"false\"   \/><\/div><\/div><div id=\"field_2_8\" class=\"gfield gfield--type-email gfield--input-type-email gfield--width-third field_sublabel_below gfield--no-description field_description_below field_validation_below gfield_visibility_visible\"  data-js-reload=\"field_2_8\" ><label class='gfield_label gform-field-label' for='input_2_8'>Su direcci\u00f3n de correo electr\u00f3nico<\/label><div class='ginput_container ginput_container_email'>\n                            <input name='input_8' id='input_2_8' type='email' value='' class='large'     aria-invalid=\"false\"  \/>\n                        <\/div><\/div><fieldset id=\"field_2_11\" class=\"gfield gfield--type-consent gfield--type-choice gfield--input-type-consent gfield--width-third field_sublabel_below gfield--no-description field_description_below field_validation_below gfield_visibility_visible\"  data-js-reload=\"field_2_11\" ><legend class='gfield_label gform-field-label gfield_label_before_complex' >Estoy de acuerdo<\/legend><div class='ginput_container ginput_container_consent'><input name='input_11.1' id='input_2_11_1' type='checkbox' value='1'    aria-invalid=\"false\"   \/> <label class=\"gform-field-label gform-field-label--type-inline gfield_consent_label\" for='input_2_11_1' >Estoy de acuerdo con la pol\u00edtica de privacidad que he le\u00eddo.<\/label><input type='hidden' name='input_11.2' value='Estoy de acuerdo con la pol\u00edtica de privacidad que he le\u00eddo.' class='gform_hidden' \/><input type='hidden' name='input_11.3' value='1' class='gform_hidden' \/><\/div><\/fieldset><fieldset id=\"field_2_12\" class=\"gfield gfield--type-radio gfield--type-choice gfield--input-type-radio gfield--width-half field_sublabel_below gfield--no-description field_description_below field_validation_below gfield_visibility_visible\"  data-js-reload=\"field_2_12\" ><legend class='gfield_label gform-field-label' >Czy jeste\u015b robotem?<\/legend><div class='ginput_container ginput_container_radio'><div class='gfield_radio' id='input_2_12'>\n\t\t\t<div class='gchoice gchoice_2_12_0'>\n\t\t\t\t\t<input class='gfield-choice-input' name='input_12' type='radio' value='Tak! To ja'  id='choice_2_12_0' onchange='gformToggleRadioOther( this )'    \/>\n\t\t\t\t\t<label for='choice_2_12_0' id='label_2_12_0' class='gform-field-label gform-field-label--type-inline'>Tak! To ja<\/label>\n\t\t\t<\/div>\n\t\t\t<div class='gchoice gchoice_2_12_1'>\n\t\t\t\t\t<input class='gfield-choice-input' name='input_12' type='radio' value='Chyba nie'  id='choice_2_12_1' onchange='gformToggleRadioOther( this )'    \/>\n\t\t\t\t\t<label for='choice_2_12_1' id='label_2_12_1' class='gform-field-label gform-field-label--type-inline'>Chyba nie<\/label>\n\t\t\t<\/div>\n\t\t\t<div class='gchoice gchoice_2_12_2'>\n\t\t\t\t\t<input class='gfield-choice-input' name='input_12' type='radio' value='Zdecydowanie nie'  id='choice_2_12_2' onchange='gformToggleRadioOther( this )'    \/>\n\t\t\t\t\t<label for='choice_2_12_2' id='label_2_12_2' class='gform-field-label gform-field-label--type-inline'>Zdecydowanie nie<\/label>\n\t\t\t<\/div><\/div><\/div><\/fieldset><div id=\"field_2_13\" class=\"gfield gfield--type-turnstile gfield--input-type-turnstile gfield--width-half field_sublabel_below gfield--no-description field_description_below field_validation_below gfield_visibility_visible\"  data-js-reload=\"field_2_13\" ><\/div><\/div><\/div>\n        <div class='gform_footer before'> <input type='submit' id='gform_submit_button_2' class='gform_button button' value='Entregar'  onclick='if(window[\"gf_submitting_2\"]){return false;}  if( !jQuery(\"#gform_2\")[0].checkValidity || jQuery(\"#gform_2\")[0].checkValidity()){window[\"gf_submitting_2\"]=true;}  ' onkeypress='if( event.keyCode == 13 ){ if(window[\"gf_submitting_2\"]){return false;} if( !jQuery(\"#gform_2\")[0].checkValidity || jQuery(\"#gform_2\")[0].checkValidity()){window[\"gf_submitting_2\"]=true;}  jQuery(\"#gform_2\").trigger(\"submit\",[true]); }' \/> \n            <input type='hidden' class='gform_hidden' name='is_submit_2' value='1' \/>\n            <input type='hidden' class='gform_hidden' name='gform_submit' value='2' \/>\n            \n            <input type='hidden' class='gform_hidden' name='gform_unique_id' value='' \/>\n            <input type='hidden' class='gform_hidden' name='state_2' value='WyJ7XCI0XCI6W1wiNzMwNjFhNzA4M2E4OThiZTE4OThkMzgyZWQ4MmMxN2RcIixcImM1MDJlMGFiMmNjNmQ1OWYxYWFmY2I5YWZmZWY0MmU5XCJdLFwiNlwiOltcImQ4OWJiYmVjMzg4ZWZhNjBmMjc2ZDUyMmIwMTZjNTk5XCIsXCJkOGE5OGVlYmEzY2IyMDFmYzJmOWYzMTExNGNmNjA5N1wiXSxcIjExLjFcIjpcImZlYjY5NDcyZTIyODc4MTgwOTFkZWEwYjM2Mzc3ZDljXCIsXCIxMS4yXCI6XCI1NjA2MDNiZGQzNjRkM2E5NzFmNmQ2NmQwODk3NzU3NVwiLFwiMTEuM1wiOlwiZmViNjk0NzJlMjI4NzgxODA5MWRlYTBiMzYzNzdkOWNcIixcIjEyXCI6W1wiOWU4MmM2MDQxNGEyNDNkOGMyZTUyY2YxODU0OTUyZmVcIixcIjE4YjE3MGVhODVjY2M2YWFjODNmZTc1NTEzN2JmMGM5XCIsXCJhYTg4OThlM2RkNTk1ZjFmOTFjMjQ4NmMzYzkxNDJiMFwiXX0iLCJiZTNkM2ZjNjRlMWNlN2U1ZDg1NDZlOGMzZDljMmU1ZiJd' \/>\n            <input type='hidden' class='gform_hidden' name='gform_target_page_number_2' id='gform_target_page_number_2' value='0' \/>\n            <input type='hidden' class='gform_hidden' name='gform_source_page_number_2' id='gform_source_page_number_2' value='1' \/>\n            <input type='hidden' name='gform_field_values' value='' \/>\n            \n        <\/div>\n                        <\/form>\n                        <\/div><script>\ngform.initializeOnLoaded( function() {gformInitSpinner( 2, 'https:\/\/blue-port.pl\/wp-content\/plugins\/gravityforms\/images\/spinner.svg', true );jQuery('#gform_ajax_frame_2').on('load',function(){var contents = jQuery(this).contents().find('*').html();var is_postback = contents.indexOf('GF_AJAX_POSTBACK') >= 0;if(!is_postback){return;}var form_content = jQuery(this).contents().find('#gform_wrapper_2');var is_confirmation = jQuery(this).contents().find('#gform_confirmation_wrapper_2').length > 0;var is_redirect = contents.indexOf('gformRedirect(){') >= 0;var is_form = form_content.length > 0 && ! is_redirect && ! is_confirmation;var mt = parseInt(jQuery('html').css('margin-top'), 10) + parseInt(jQuery('body').css('margin-top'), 10) + 100;if(is_form){form_content.find('form').css('opacity', 0);jQuery('#gform_wrapper_2').html(form_content.html());if(form_content.hasClass('gform_validation_error')){jQuery('#gform_wrapper_2').addClass('gform_validation_error');} else {jQuery('#gform_wrapper_2').removeClass('gform_validation_error');}setTimeout( function() { \/* delay the scroll by 50 milliseconds to fix a bug in chrome *\/  }, 50 );if(window['gformInitDatepicker']) {gformInitDatepicker();}if(window['gformInitPriceFields']) {gformInitPriceFields();}var current_page = jQuery('#gform_source_page_number_2').val();gformInitSpinner( 2, 'https:\/\/blue-port.pl\/wp-content\/plugins\/gravityforms\/images\/spinner.svg', true );jQuery(document).trigger('gform_page_loaded', [2, current_page]);window['gf_submitting_2'] = false;}else if(!is_redirect){var confirmation_content = jQuery(this).contents().find('.GF_AJAX_POSTBACK').html();if(!confirmation_content){confirmation_content = contents;}jQuery('#gform_wrapper_2').replaceWith(confirmation_content);jQuery(document).trigger('gform_confirmation_loaded', [2]);window['gf_submitting_2'] = false;wp.a11y.speak(jQuery('#gform_confirmation_message_2').text());}else{jQuery('#gform_2').append(contents);if(window['gformRedirect']) {gformRedirect();}}jQuery(document).trigger(\"gform_pre_post_render\", [{ formId: \"2\", currentPage: \"current_page\", abort: function() { this.preventDefault(); } }]);                if (event && event.defaultPrevented) {                return;         }        const gformWrapperDiv = document.getElementById( \"gform_wrapper_2\" );        if ( gformWrapperDiv ) {            const visibilitySpan = document.createElement( \"span\" );            visibilitySpan.id = \"gform_visibility_test_2\";            gformWrapperDiv.insertAdjacentElement( \"afterend\", visibilitySpan );        }        const visibilityTestDiv = document.getElementById( \"gform_visibility_test_2\" );        let postRenderFired = false;                function triggerPostRender() {            if ( postRenderFired ) {                return;            }            postRenderFired = true;            jQuery( document ).trigger( 'gform_post_render', [2, current_page] );            gform.utils.trigger( { event: 'gform\/postRender', native: false, data: { formId: 2, currentPage: current_page } } );            if ( visibilityTestDiv ) {                visibilityTestDiv.parentNode.removeChild( visibilityTestDiv );            }        }        function debounce( func, wait, immediate ) {            var timeout;            return function() {                var context = this, args = arguments;                var later = function() {                    timeout = null;                    if ( !immediate ) func.apply( context, args );                };                var callNow = immediate && !timeout;                clearTimeout( timeout );                timeout = setTimeout( later, wait );                if ( callNow ) func.apply( context, args );            };        }        const debouncedTriggerPostRender = debounce( function() {            triggerPostRender();        }, 200 );        if ( visibilityTestDiv && visibilityTestDiv.offsetParent === null ) {            const observer = new MutationObserver( ( mutations ) => {                mutations.forEach( ( mutation ) => {                    if ( mutation.type === 'attributes' && visibilityTestDiv.offsetParent !== null ) {                        debouncedTriggerPostRender();                        observer.disconnect();                    }                });            });            observer.observe( document.body, {                attributes: true,                childList: false,                subtree: true,                attributeFilter: [ 'style', 'class' ],            });        } else {            triggerPostRender();        }    } );} );\n<\/script>\n\t\t<script type=\"application\/javascript\">\n\t\t\tconst turnstileIframe = document.getElementById( 'gform_ajax_frame_2' );\n\n\t\t\tif ( turnstileIframe ) {\n\t\t\t\tturnstileIframe.addEventListener('load',function(){\n\t\t\t\t\tsetTimeout( function() {\n\t\t\t\t\t\tconst cfWrapper = document.querySelector( '.cf-turnstile' );\n\n\t\t\t\t\t\tif ( ! cfWrapper ) {\n\t\t\t\t\t\t\treturn;\n\t\t\t\t\t\t}\n\n\t\t\t\t\t\tturnstile.render( '.cf-turnstile' );\n\t\t\t\t\t}, 0 );\n\t\t\t\t});\n\t\t\t}\n\t\t<\/script>\n\t\t","protected":false},"excerpt":{"rendered":"<p>Nos especializamos en el transporte de contenedores completos (FCL) y consolidados (LCL), lo que nos permite adaptar nuestra oferta de manera flexible a diversas necesidades de nuestros clientes. Esto incluye tanto el transporte de mercanc\u00edas a gran escala como env\u00edos m\u00e1s peque\u00f1os que se combinan con otras cargas para optimizar los costos. En caso de [&hellip;]<\/p>\n","protected":false},"author":1,"featured_media":246,"parent":0,"menu_order":0,"comment_status":"closed","ping_status":"closed","template":"subpages","meta":{"_kad_blocks_custom_css":"","_kad_blocks_head_custom_js":"","_kad_blocks_body_custom_js":"","_kad_blocks_footer_custom_js":"","footnotes":""},"class_list":["post-406","page","type-page","status-publish","has-post-thumbnail","hentry"],"taxonomy_info":[],"featured_image_src_large":["https:\/\/blue-port.pl\/wp-content\/uploads\/2023\/04\/morski.jpg",400,600,false],"author_info":{"display_name":"admin@workweb.pl","author_link":"https:\/\/blue-port.pl\/es\/author\/adminworkweb-pl\/"},"comment_info":0,"_links":{"self":[{"href":"https:\/\/blue-port.pl\/es\/wp-json\/wp\/v2\/pages\/406","targetHints":{"allow":["GET"]}}],"collection":[{"href":"https:\/\/blue-port.pl\/es\/wp-json\/wp\/v2\/pages"}],"about":[{"href":"https:\/\/blue-port.pl\/es\/wp-json\/wp\/v2\/types\/page"}],"author":[{"embeddable":true,"href":"https:\/\/blue-port.pl\/es\/wp-json\/wp\/v2\/users\/1"}],"replies":[{"embeddable":true,"href":"https:\/\/blue-port.pl\/es\/wp-json\/wp\/v2\/comments?post=406"}],"version-history":[{"count":0,"href":"https:\/\/blue-port.pl\/es\/wp-json\/wp\/v2\/pages\/406\/revisions"}],"wp:featuredmedia":[{"embeddable":true,"href":"https:\/\/blue-port.pl\/es\/wp-json\/wp\/v2\/media\/246"}],"wp:attachment":[{"href":"https:\/\/blue-port.pl\/es\/wp-json\/wp\/v2\/media?parent=406"}],"curies":[{"name":"wp","href":"https:\/\/api.w.org\/{rel}","templated":true}]}}